{"id":212,"date":"2022-03-22T13:47:51","date_gmt":"2022-03-22T16:47:51","guid":{"rendered":"https:\/\/www.puertonortehotel.com\/hospitality\/?page_id=212"},"modified":"2025-05-14T14:51:45","modified_gmt":"2025-05-14T17:51:45","slug":"planes-en-rosario","status":"publish","type":"page","link":"https:\/\/www.puertonortehotel.com\/hospitality\/eng\/planes-en-rosario\/","title":{"rendered":"LIVE LIKE A LOCAL"},"content":{"rendered":"<div class=\"wpb-content-wrapper\"><div data-vc-full-width=\"true\" data-vc-full-width-temp=\"true\" data-vc-full-width-init=\"false\" class=\"vc_row wpb_row vc_row-fluid titulo-seccion vc_custom_1648501312490 vc_row-has-fill\"><div class=\"wpb_column vc_column_container vc_col-sm-12\"><div class=\"vc_column-inner\"><div class=\"wpb_wrapper\">\t\t\n\t\t<div id=\"wd-6824d8035ae5f\" class=\"title-wrapper  woodmart-title-color-white woodmart-title-style-default woodmart-title-width-100 text-left woodmart-title-size-custom\">\n\t\t\t\t\t\t\n\t\t\t<div class=\"liner-continer\">\n\t\t\t\t<span class=\"left-line\"><\/span>\n\t\t\t\t<h2 class=\"woodmart-title-container title  woodmart-font-weight-\" >Live Like a Local<\/h2>\t\t\t\t\t\t\t\t<span class=\"right-line\"><\/span>\n\t\t\t<\/div>\n\t\t\t\n\t\t\t\t\t\t\n\t\t\t\t\t<\/div>\n\t\t\n\t\t<\/div><\/div><\/div><\/div><div class=\"vc_row-full-width vc_clearfix\"><\/div><div class=\"vc_row wpb_row vc_row-fluid\"><div class=\"wpb_column vc_column_container vc_col-sm-12\"><div class=\"vc_column-inner\"><div class=\"wpb_wrapper\">\t\t\n\t\t<div id=\"wd-62421cba0605d\" class=\"title-wrapper  woodmart-title-color-primary woodmart-title-style-default woodmart-title-width-100 text-left woodmart-title-size-custom\">\n\t\t\t\t\t\t\n\t\t\t<div class=\"liner-continer\">\n\t\t\t\t<span class=\"left-line\"><\/span>\n\t\t\t\t<h2 class=\"woodmart-title-container title  woodmart-font-weight-\" >What to do in Rosario?<\/h2>\t\t\t\t\t\t\t\t<span class=\"right-line\"><\/span>\n\t\t\t<\/div>\n\t\t\t\n\t\t\t\t\t\t\n\t\t\t\t\t<\/div>\n\t\t\n\t\t\n\t<div class=\"wpb_text_column wpb_content_element\" >\n\t\t<div class=\"wpb_wrapper\">\n\t\t\t<article class=\"text-token-text-primary w-full\" dir=\"auto\" data-testid=\"conversation-turn-4\" data-scroll-anchor=\"true\">\n<div class=\"text-base my-auto mx-auto py-5 &#091;--thread-content-margin:--spacing(4)&#093; @&#091;37rem&#093;:&#091;--thread-content-margin:--spacing(6)&#093; @&#091;70rem&#093;:&#091;--thread-content-margin:--spacing(12)&#093; px-(--thread-content-margin)\">\n<div class=\"&#091;--thread-content-max-width:32rem&#093; @&#091;34rem&#093;:&#091;--thread-content-max-width:40rem&#093; @&#091;64rem&#093;:&#091;--thread-content-max-width:48rem&#093; mx-auto flex max-w-(--thread-content-max-width) flex-1 text-base gap-4 md:gap-5 lg:gap-6 group\/turn-messages focus-visible:outline-hidden\" tabindex=\"-1\">\n<div class=\"group\/conversation-turn relative flex w-full min-w-0 flex-col agent-turn\">\n<div class=\"relative flex-col gap-1 md:gap-3\">\n<div class=\"flex max-w-full flex-col grow\">\n<div class=\"min-h-8 text-message relative flex w-full flex-col items-end gap-2 text-start break-words whitespace-normal &#091;.text-message+&amp;&#093;:mt-5\" dir=\"auto\" data-message-author-role=\"assistant\" data-message-id=\"2f81661a-df5a-412e-b0b0-365c924ba8d5\" data-message-model-slug=\"gpt-4o-mini\">\n<div class=\"flex w-full flex-col gap-1 empty:hidden first:pt-&#091;3px&#093;\">\n<div class=\"markdown prose dark:prose-invert w-full break-words light\">\n<p class=\"\" data-start=\"0\" data-end=\"94\"><strong data-start=\"0\" data-end=\"94\" data-is-last-node=\"\" data-is-only-node=\"\">Discover Rosario: An Unforgettable Tourist Destination Promoted by the Local Tourism Board<\/strong><\/p>\n<\/div>\n<\/div>\n<\/div>\n<\/div>\n<div class=\"flex justify-start\">\n<div class=\"touch:-me-2 touch:-ms-3.5 -ms-2.5 -me-1 flex items-center p-1 select-none -mt-1 duration-&#091;1.5s&#093; focus-within:transition-none hover:transition-none pointer-events-none &#091;mask-image:linear-gradient(to_right,black_33%,transparent_66%)&#093; &#091;mask-position:100%_0%&#093; &#091;mask-size:300%_100%&#093; motion-safe:transition-&#091;mask-position&#093; group-hover\/turn-messages:pointer-events-auto group-hover\/turn-messages:&#091;mask-position:0_0&#093; group-focus-within\/turn-messages:pointer-events-auto group-focus-within\/turn-messages:&#091;mask-position:0_0&#093; has-data-&#091;state=open&#093;:pointer-events-auto has-data-&#091;state=open&#093;:&#091;mask-position:0_0&#093;\"><\/div>\n<\/div>\n<\/div>\n<div class=\"absolute\">\n<div class=\"flex items-center justify-center\"><\/div>\n<\/div>\n<\/div>\n<\/div>\n<\/div>\n<\/article>\n<div class=\"pointer-events-none h-px w-px\" aria-hidden=\"true\" data-edge=\"true\"><\/div>\n\n\t\t<\/div>\n\t<\/div>\n\n\t<div class=\"wpb_text_column wpb_content_element\" >\n\t\t<div class=\"wpb_wrapper\">\n\t\t\t<p class=\"\" data-start=\"0\" data-end=\"348\"><strong data-start=\"0\" data-end=\"42\">Welcome to our Hotel in Rosario<\/strong><br data-start=\"42\" data-end=\"45\" \/>We invite you to discover the magic of Rosario, a vibrant city full of history, culture, and an impressive range of tourist attractions. We are committed to providing you with a unique experience, where every corner of the city has something special to offer.<\/p>\n<p class=\"\" data-start=\"350\" data-end=\"639\">Rosario is the ideal destination for those looking to enjoy modern architecture, top-quality cuisine, and activities for every taste. Whether you prefer a walk along the Paran\u00e1 River, exploring its museums, or attending international events, Rosario has something for everyone.<\/p>\n<p class=\"\" data-start=\"641\" data-end=\"985\"><strong data-start=\"641\" data-end=\"667\">What to do in Rosario?<\/strong><\/p>\n<p class=\"\" data-start=\"641\" data-end=\"985\"><strong>MESSI TOUR<\/strong><\/p>\n<p data-start=\"641\" data-end=\"985\">Messi is part of Rosario, and Rosario is part of Messi. Discover the city where he grew up and visit the key places in his story like a true local. Book your spot by... <a href=\"https:\/\/api.whatsapp.com\/send?phone=543415035995\">CLICK AQU\u00cd<\/a><\/p>\n<p data-start=\"641\" data-end=\"985\">Tour includes a visit to his childhood home, the neighborhood field where he played, Grandoli Club (accompanied by the Club Director, a personal friend of Messi), and the Sports Museum.<\/p>\n<div>Daily departures at 10:00 AM or 3:30 PM.<\/div>\n<div>Hotel pick-up included.<\/div>\n<div>Sports Museum reservation included (subject to opening days and hours: Wednesday to Sunday).<\/div>\n<div>Duration: 3 hours.<\/div>\n<div><i>Price per person \u2013 U\\$S 52 \u2013 <\/i>Minimum 2 passengers.<\/div>\n<div><span style=\"color: #ffffff;\">A<\/span><\/div>\n<div><span style=\"color: #ffffff;\">A<\/span><\/div>\n<p data-start=\"641\" data-end=\"985\"><strong>DI MAR\u00cdA TOUR <\/strong><\/p>\n<p data-start=\"641\" data-end=\"985\">Going to the stadium is not just about watching a match; it\u2019s about being part of a celebration. Live the excitement like a \"canalla\" and feel football in its purest form. Book your spot by... <a href=\"https:\/\/api.whatsapp.com\/send?phone=543415035995\">CLICK AQU\u00cd<\/a><\/p>\n<div>A tour of Di Maria's life, including a visit to Central\u2019s stadium (entering the arena) and the sports city of Granadero Baigorria.<\/div>\n<div>\n<div>\n<p><b><i><u>Central match experience.<\/u><\/i>:<\/b> Includes match tickets in the Palco section with refreshments (soda and pizza or sandwich), accompanied at all times by a guide. (Experience valid for home games of Central, once the new tournament dates are published).<\/p>\n<\/div>\n<div><span style=\"color: #ffffff;\">aa<\/span><\/div>\n<\/div>\n<div>Departures from Monday to Saturday.<\/div>\n<div>Schedule: 10:00 AM or 3:00 PM.<\/div>\n<div>Hotel pick-up included.<\/div>\n<div>Duration: 3 hours and 30 minutes<\/div>\n<div><i>Price per person \u2013 U\\$S  60\u2013 <\/i>Minimum 2 passengers.<\/div>\n<div><span style=\"color: #ffffff;\">A<\/span><\/div>\n<div><span style=\"color: #ffffff;\">A<\/span><\/div>\n<p data-start=\"641\" data-end=\"985\"><strong>CITY TOUR<\/strong><\/p>\n<p data-start=\"641\" data-end=\"985\">Discover Rosario by exploring its streets, squares, and hidden corners on a unique city tour. Learn the history that only the locals know. Book your spot by... <a href=\"https:\/\/api.whatsapp.com\/send?phone=543415035995\">CLICK AQU\u00cd<\/a><\/p>\n<div>Monumento Nacional a la Bandera \u2013 Costanera Central \u2013 Estadio Rosario Central (Without entry fees) \u2013 Balnearios \u2013 Puente \u2013 Parque Independencia \u2013 Boulevard Oro\u00f1o.<\/div>\n<div><span style=\"color: #ffffff;\">aa<\/span><\/div>\n<div>Daily departures.<\/div>\n<div>Schedule: 10:00 AM or 3:00 PM.<\/div>\n<div>Hotel pick-up included.<\/div>\n<div>Duration: 3 hours.<\/div>\n<div><i>Price per person \u2013 U\\$S 46 \u2013 <\/i>Minimum 2 passengers.<\/div>\n<div><span style=\"color: #ffffff;\">A<\/span><\/div>\n<div><span style=\"color: #ffffff;\">A<\/span><\/div>\n<p data-start=\"641\" data-end=\"985\"><strong>ARCHITECTURE TOUR.<\/strong><\/p>\n<p data-start=\"641\" data-end=\"985\">Explore Rosario from its foundations, discovering a city where architecture speaks. From century-old fa\u00e7ades to contemporary works, this tour invites you to look up, uncover details, styles, and secrets that make this city unique. Book your spot by... <a href=\"https:\/\/api.whatsapp.com\/send?phone=543415035995\">CLICK AQU\u00cd<\/a><\/p>\n<div>\u00a0A walking tour from Paseo del Siglo to Plaza 25 de Mayo, where you will appreciate various iconic buildings that reflect different architectural styles.<\/div>\n<div><span style=\"color: #ffffff;\">aaa<\/span><\/div>\n<div>Daily departures.<\/div>\n<div>Schedule: 10:00 AM or 3:00 PM.<\/div>\n<div>Hotel pick-up included.<\/div>\n<div>Duration: 3 hours.<\/div>\n<div><i>Price per person \u2013 U\\$S 52 \u2013 <\/i>Minimum 2 passengers.<\/div>\n\n\t\t<\/div>\n\t<\/div>\n<\/div><\/div><\/div><\/div><div class=\"vc_row wpb_row vc_row-fluid\"><div class=\"wpb_column vc_column_container vc_col-sm-12\"><div class=\"vc_column-inner\"><div class=\"wpb_wrapper\"><\/div><\/div><\/div><\/div>\n<\/div>","protected":false},"excerpt":{"rendered":"Live Like a Local \u00bfQu\u00e9 hacer en Rosario? Descubre Rosario: Un Destino Tur\u00edstico Inolvidable Promovido por el Ente Tur\u00edstico Local","protected":false},"author":2,"featured_media":0,"parent":0,"menu_order":0,"comment_status":"closed","ping_status":"closed","template":"","meta":{"footnotes":""},"class_list":["post-212","page","type-page","status-publish","hentry"],"_links":{"self":[{"href":"https:\/\/www.puertonortehotel.com\/hospitality\/eng\/wp-json\/wp\/v2\/pages\/212","targetHints":{"allow":["GET"]}}],"collection":[{"href":"https:\/\/www.puertonortehotel.com\/hospitality\/eng\/wp-json\/wp\/v2\/pages"}],"about":[{"href":"https:\/\/www.puertonortehotel.com\/hospitality\/eng\/wp-json\/wp\/v2\/types\/page"}],"author":[{"embeddable":true,"href":"https:\/\/www.puertonortehotel.com\/hospitality\/eng\/wp-json\/wp\/v2\/users\/2"}],"replies":[{"embeddable":true,"href":"https:\/\/www.puertonortehotel.com\/hospitality\/eng\/wp-json\/wp\/v2\/comments?post=212"}],"version-history":[{"count":26,"href":"https:\/\/www.puertonortehotel.com\/hospitality\/eng\/wp-json\/wp\/v2\/pages\/212\/revisions"}],"predecessor-version":[{"id":631,"href":"https:\/\/www.puertonortehotel.com\/hospitality\/eng\/wp-json\/wp\/v2\/pages\/212\/revisions\/631"}],"wp:attachment":[{"href":"https:\/\/www.puertonortehotel.com\/hospitality\/eng\/wp-json\/wp\/v2\/media?parent=212"}],"curies":[{"name":"wp","href":"https:\/\/api.w.org\/{rel}","templated":true}]}}