{"id":217,"date":"2022-03-22T13:52:58","date_gmt":"2022-03-22T16:52:58","guid":{"rendered":"https:\/\/www.puertonortehotel.com\/hospitality\/?page_id=217"},"modified":"2025-08-18T15:26:48","modified_gmt":"2025-08-18T18:26:48","slug":"elementos-a-disposicion","status":"publish","type":"page","link":"https:\/\/www.puertonortehotel.com\/hospitality\/eng\/elementos-a-disposicion\/","title":{"rendered":"Items at your disposal"},"content":{"rendered":"<div class=\"wpb-content-wrapper\"><div data-vc-full-width=\"true\" data-vc-full-width-temp=\"true\" data-vc-full-width-init=\"false\" class=\"vc_row wpb_row vc_row-fluid titulo-seccion vc_custom_1648500966416 vc_row-has-fill\"><div class=\"wpb_column vc_column_container vc_col-sm-12\"><div class=\"vc_column-inner\"><div class=\"wpb_wrapper\">\t\t\n\t\t<div id=\"wd-64a9ace19896e\" class=\"title-wrapper  woodmart-title-color-white woodmart-title-style-default woodmart-title-width-100 text-left woodmart-title-size-custom\">\n\t\t\t\t\t\t\n\t\t\t<div class=\"liner-continer\">\n\t\t\t\t<span class=\"left-line\"><\/span>\n\t\t\t\t<h2 class=\"woodmart-title-container title  woodmart-font-weight-\" >Items at your disposal<\/h2>\t\t\t\t\t\t\t\t<span class=\"right-line\"><\/span>\n\t\t\t<\/div>\n\t\t\t\n\t\t\t\t\t\t\n\t\t\t\t\t<\/div>\n\t\t\n\t\t<\/div><\/div><\/div><\/div><div class=\"vc_row-full-width vc_clearfix\"><\/div><div class=\"vc_row wpb_row vc_row-fluid\"><div class=\"wpb_column vc_column_container vc_col-sm-12\"><div class=\"vc_column-inner\"><div class=\"wpb_wrapper\">\t\t\n\t\t<div id=\"wd-62421e74521ed\" class=\"title-wrapper  woodmart-title-color-primary woodmart-title-style-default woodmart-title-width-100 text-left woodmart-title-size-custom\">\n\t\t\t\t\t\t\n\t\t\t<div class=\"liner-continer\">\n\t\t\t\t<span class=\"left-line\"><\/span>\n\t\t\t\t<h2 class=\"woodmart-title-container title  woodmart-font-weight-\" >So you don't miss a thing<\/h2>\t\t\t\t\t\t\t\t<span class=\"right-line\"><\/span>\n\t\t\t<\/div>\n\t\t\t\n\t\t\t\t\t\t\n\t\t\t\t\t<\/div>\n\t\t\n\t\t\n\t<div class=\"wpb_text_column wpb_content_element\" >\n\t\t<div class=\"wpb_wrapper\">\n\t\t\t<p>We offer you this list of items available to further enhance your stay. You can request them at the reception!<\/p>\n<ul>\n<li>Amenities: kit dental, kit costurero, kit de afeitar, esponja corporal, vanity pack, peine, jab\u00f3n en barra.<\/li>\n<li>Personal hygiene products.<\/li>\n<li>Magnifying mirror.<\/li>\n<li>Blanket.<\/li>\n<li>Extra pillows.<\/li>\n<li>Baby bathtub.<\/li>\n<li>Electric kettle.<\/li>\n<li>Cell phone charger.<\/li>\n<li>Adapter.<\/li>\n<li>Bicycle.<\/li>\n<\/ul>\n<p>Feel free to ask us about other options.<\/p>\n\n\t\t<\/div>\n\t<\/div>\n<\/div><\/div><\/div><\/div>\n<\/div>","protected":false},"excerpt":{"rendered":"Elementos a disposici\u00f3n Para que no te falte nada Te ofrecemos esta lista de elementos a disposici\u00f3n para mejorar a\u00fan","protected":false},"author":2,"featured_media":0,"parent":0,"menu_order":0,"comment_status":"closed","ping_status":"closed","template":"","meta":{"footnotes":""},"class_list":["post-217","page","type-page","status-publish","hentry"],"_links":{"self":[{"href":"https:\/\/www.puertonortehotel.com\/hospitality\/eng\/wp-json\/wp\/v2\/pages\/217","targetHints":{"allow":["GET"]}}],"collection":[{"href":"https:\/\/www.puertonortehotel.com\/hospitality\/eng\/wp-json\/wp\/v2\/pages"}],"about":[{"href":"https:\/\/www.puertonortehotel.com\/hospitality\/eng\/wp-json\/wp\/v2\/types\/page"}],"author":[{"embeddable":true,"href":"https:\/\/www.puertonortehotel.com\/hospitality\/eng\/wp-json\/wp\/v2\/users\/2"}],"replies":[{"embeddable":true,"href":"https:\/\/www.puertonortehotel.com\/hospitality\/eng\/wp-json\/wp\/v2\/comments?post=217"}],"version-history":[{"count":12,"href":"https:\/\/www.puertonortehotel.com\/hospitality\/eng\/wp-json\/wp\/v2\/pages\/217\/revisions"}],"predecessor-version":[{"id":636,"href":"https:\/\/www.puertonortehotel.com\/hospitality\/eng\/wp-json\/wp\/v2\/pages\/217\/revisions\/636"}],"wp:attachment":[{"href":"https:\/\/www.puertonortehotel.com\/hospitality\/eng\/wp-json\/wp\/v2\/media?parent=217"}],"curies":[{"name":"wp","href":"https:\/\/api.w.org\/{rel}","templated":true}]}}