{"id":14,"date":"2020-11-26T15:38:33","date_gmt":"2020-11-26T18:38:33","guid":{"rendered":"https:\/\/www.puertonortehotel.com\/hospitality\/?page_id=14"},"modified":"2026-02-25T17:40:23","modified_gmt":"2026-02-25T20:40:23","slug":"spa","status":"publish","type":"page","link":"https:\/\/www.puertonortehotel.com\/hospitality\/spa\/","title":{"rendered":"SPA"},"content":{"rendered":"<div class=\"wpb-content-wrapper\"><div data-vc-full-width=\"true\" data-vc-full-width-temp=\"true\" data-vc-full-width-init=\"false\" class=\"vc_row wpb_row vc_row-fluid titulo-seccion vc_custom_1607719120023 vc_row-has-fill\"><div class=\"wpb_column vc_column_container vc_col-sm-12\"><div class=\"vc_column-inner\"><div class=\"wpb_wrapper\">\t\t\n\t\t<div id=\"wd-5fd3d5de2f6c1\" class=\"title-wrapper  woodmart-title-color-white woodmart-title-style-default woodmart-title-width-100 text-left woodmart-title-size-custom \">\n\t\t\t\t\t\t\n\t\t\t<div class=\"liner-continer\">\n\t\t\t\t<span class=\"left-line\"><\/span>\n\t\t\t\t<h2 class=\"woodmart-title-container title  woodmart-font-weight-\" >Spa<\/h2>\t\t\t\t\t\t\t\t<span class=\"right-line\"><\/span>\n\t\t\t<\/div>\n\t\t\t\n\t\t\t\t\t\t\n\t\t\t\t\t<\/div>\n\t\t\n\t\t<\/div><\/div><\/div><\/div><div class=\"vc_row-full-width vc_clearfix\"><\/div><div class=\"vc_row wpb_row vc_row-fluid vc_custom_1607716992512\"><div class=\"wpb_column vc_column_container vc_col-sm-12\"><div class=\"vc_column-inner\"><div class=\"wpb_wrapper\">\n\t<div class=\"wpb_text_column wpb_content_element\" >\n\t\t<div class=\"wpb_wrapper\">\n\t\t\t<p>Para consultas sobre tratamientos y hacer reservas de masajes puede contactarse al: (0341) 4362710 o a trav\u00e9s de Whatsapp al: <a href=\"https:\/\/api.whatsapp.com\/send?phone=543415209110\">(0341) 5209110.<\/a><\/p>\n\n\t\t<\/div>\n\t<\/div>\n<\/div><\/div><\/div><\/div><div class=\"vc_row wpb_row vc_row-fluid vc_custom_1607716992512\"><div class=\"wpb_column vc_column_container vc_col-sm-12\"><div class=\"vc_column-inner\"><div class=\"wpb_wrapper\">\t\t\n\t\t<div id=\"wd-66916da2c92f6\" class=\"title-wrapper  woodmart-title-color-primary woodmart-title-style-default woodmart-title-width-100 text-left woodmart-title-size-custom \">\n\t\t\t\t\t\t\n\t\t\t<div class=\"liner-continer\">\n\t\t\t\t<span class=\"left-line\"><\/span>\n\t\t\t\t<h2 class=\"woodmart-title-container title  woodmart-font-weight-\" >Tratamientos corporales<\/h2>\t\t\t\t\t\t\t\t<span class=\"right-line\"><\/span>\n\t\t\t<\/div>\n\t\t\t\n\t\t\t\t\t\t\n\t\t\t\t\t<\/div>\n\t\t\n\t\t\n\t<div class=\"wpb_text_column wpb_content_element\" >\n\t\t<div class=\"wpb_wrapper\">\n\t\t\t<table width=\"339\">\n<tbody>\n<tr>\n<td width=\"179\">Masaje relajante con aceites esenciales<\/td>\n<td width=\"80\">45 min.<\/td>\n<td width=\"80\">$ 110.000<\/td>\n<\/tr>\n<tr>\n<td width=\"179\">Masaje relajante con piedras calientes<\/td>\n<td width=\"80\">45 min.<\/td>\n<td width=\"80\">$ 110.000<\/td>\n<\/tr>\n<tr>\n<td width=\"179\">Masaje relajante con ca\u00f1a de Bamb\u00fa<\/td>\n<td width=\"80\">45 min.<\/td>\n<td width=\"80\">$ 110.000<\/td>\n<\/tr>\n<tr>\n<td width=\"179\">Masaje descontracturante<\/td>\n<td width=\"80\">45 min.<\/td>\n<td width=\"80\">$ 110.000<\/td>\n<\/tr>\n<tr>\n<td width=\"179\">Reflexolog\u00eda<\/td>\n<td width=\"80\">45 min<\/td>\n<td width=\"80\">$ 110.000<\/td>\n<\/tr>\n<tr>\n<td width=\"179\">Exfoliaci\u00f3n corporal y masaje hidratante<\/td>\n<td width=\"80\">45 min.<\/td>\n<td width=\"80\">$ 110.000<\/td>\n<\/tr>\n<tr>\n<td width=\"179\">Exfoliaci\u00f3n en piernas y pies con masaje circulatorio<\/td>\n<td width=\"80\">45 min.<\/td>\n<td width=\"80\">$ 110.000<\/td>\n<\/tr>\n<tr>\n<td width=\"179\">Drenaje linf\u00e1tico<\/td>\n<td width=\"80\">45 min.<\/td>\n<td width=\"80\">$ 110.000<\/td>\n<\/tr>\n<\/tbody>\n<\/table>\n\n\t\t<\/div>\n\t<\/div>\n<\/div><\/div><\/div><\/div><div class=\"vc_row wpb_row vc_row-fluid vc_custom_1607716992512\"><div class=\"wpb_column vc_column_container vc_col-sm-12\"><div class=\"vc_column-inner\"><div class=\"wpb_wrapper\">\t\t\n\t\t<div id=\"wd-5fd3d7558dd99\" class=\"title-wrapper  woodmart-title-color-primary woodmart-title-style-default woodmart-title-width-100 text-left woodmart-title-size-custom \">\n\t\t\t\t\t\t\n\t\t\t<div class=\"liner-continer\">\n\t\t\t\t<span class=\"left-line\"><\/span>\n\t\t\t\t<h2 class=\"woodmart-title-container title  woodmart-font-weight-\" >Tratamientos faciales<\/h2>\t\t\t\t\t\t\t\t<span class=\"right-line\"><\/span>\n\t\t\t<\/div>\n\t\t\t\n\t\t\t\t\t\t\n\t\t\t\t\t<\/div>\n\t\t\n\t\t\n\t<div class=\"wpb_text_column wpb_content_element\" >\n\t\t<div class=\"wpb_wrapper\">\n\t\t\t<table width=\"339\">\n<tbody>\n<tr>\n<td width=\"179\">M\u00e1scara desincrustante (limpieza facial profunda)<\/td>\n<td width=\"80\">45 min.<\/td>\n<td width=\"80\">$ 90.000<\/td>\n<\/tr>\n<tr>\n<td width=\"179\">M\u00e1scara reparadora revitalizante (vitamina C, incentiva la producci\u00f3n de col\u00e1geno)<\/td>\n<td width=\"80\">45 min.<\/td>\n<td width=\"80\">$ 90.000<\/td>\n<\/tr>\n<tr>\n<td width=\"179\">M\u00e1scara de cobre<\/td>\n<td width=\"80\">45 min.<\/td>\n<td width=\"80\">$ 90.000<\/td>\n<\/tr>\n<tr>\n<td width=\"179\">Shock facial profundo con velo de col\u00e1geno (rehidrata y tensa la piel, estimula la regeneraci\u00f3n celular)<\/td>\n<td width=\"80\">45 min.<\/td>\n<td width=\"80\">$ 90.000<\/td>\n<\/tr>\n<\/tbody>\n<\/table>\n\n\t\t<\/div>\n\t<\/div>\n<\/div><\/div><\/div><\/div>\n<\/div>","protected":false},"excerpt":{"rendered":"Spa Para consultas sobre tratamientos y hacer reservas de masajes puede contactarse al: (0341) 4362710 o a trav\u00e9s de Whatsapp","protected":false},"author":1,"featured_media":0,"parent":0,"menu_order":0,"comment_status":"closed","ping_status":"closed","template":"","meta":{"footnotes":""},"class_list":["post-14","page","type-page","status-publish","hentry"],"_links":{"self":[{"href":"https:\/\/www.puertonortehotel.com\/hospitality\/wp-json\/wp\/v2\/pages\/14","targetHints":{"allow":["GET"]}}],"collection":[{"href":"https:\/\/www.puertonortehotel.com\/hospitality\/wp-json\/wp\/v2\/pages"}],"about":[{"href":"https:\/\/www.puertonortehotel.com\/hospitality\/wp-json\/wp\/v2\/types\/page"}],"author":[{"embeddable":true,"href":"https:\/\/www.puertonortehotel.com\/hospitality\/wp-json\/wp\/v2\/users\/1"}],"replies":[{"embeddable":true,"href":"https:\/\/www.puertonortehotel.com\/hospitality\/wp-json\/wp\/v2\/comments?post=14"}],"version-history":[{"count":44,"href":"https:\/\/www.puertonortehotel.com\/hospitality\/wp-json\/wp\/v2\/pages\/14\/revisions"}],"predecessor-version":[{"id":660,"href":"https:\/\/www.puertonortehotel.com\/hospitality\/wp-json\/wp\/v2\/pages\/14\/revisions\/660"}],"wp:attachment":[{"href":"https:\/\/www.puertonortehotel.com\/hospitality\/wp-json\/wp\/v2\/media?parent=14"}],"curies":[{"name":"wp","href":"https:\/\/api.w.org\/{rel}","templated":true}]}}