{"id":16,"date":"2020-11-26T15:39:08","date_gmt":"2020-11-26T18:39:08","guid":{"rendered":"https:\/\/www.puertonortehotel.com\/hospitality\/?page_id=16"},"modified":"2026-04-28T15:40:56","modified_gmt":"2026-04-28T18:40:56","slug":"frigobar","status":"publish","type":"page","link":"https:\/\/www.puertonortehotel.com\/hospitality\/frigobar\/","title":{"rendered":"FRIGOBAR"},"content":{"rendered":"<div class=\"wpb-content-wrapper\"><div data-vc-full-width=\"true\" data-vc-full-width-temp=\"true\" data-vc-full-width-init=\"false\" class=\"vc_row wpb_row vc_row-fluid titulo-seccion vc_custom_1607721502048 vc_row-has-fill\"><div class=\"wpb_column vc_column_container vc_col-sm-12\"><div class=\"vc_column-inner\"><div class=\"wpb_wrapper\">\t\t\n\t\t<div id=\"wd-5fd3e17e04f72\" class=\"title-wrapper  woodmart-title-color-white woodmart-title-style-default woodmart-title-width-100 text-left woodmart-title-size-custom \">\n\t\t\t\t\t\t\n\t\t\t<div class=\"liner-continer\">\n\t\t\t\t<span class=\"left-line\"><\/span>\n\t\t\t\t<h2 class=\"woodmart-title-container title  woodmart-font-weight-\" >Frigobar<\/h2>\t\t\t\t\t\t\t\t<span class=\"right-line\"><\/span>\n\t\t\t<\/div>\n\t\t\t\n\t\t\t\t\t\t\n\t\t\t\t\t<\/div>\n\t\t\n\t\t<\/div><\/div><\/div><\/div><div class=\"vc_row-full-width vc_clearfix\"><\/div><div class=\"vc_row wpb_row vc_row-fluid vc_custom_1607716999727\"><div class=\"wpb_column vc_column_container vc_col-sm-12\"><div class=\"vc_column-inner\"><div class=\"wpb_wrapper\">\n\t<div class=\"wpb_text_column wpb_content_element\" >\n\t\t<div class=\"wpb_wrapper\">\n\t\t\t<table dir=\"ltr\" border=\"1\" cellspacing=\"0\" cellpadding=\"0\" data-sheets-root=\"1\" data-sheets-baot=\"1\">\n<colgroup>\n<col width=\"286\" \/>\n<col width=\"100\" \/><\/colgroup>\n<tbody>\n<tr>\n<td>Coca Cola<\/td>\n<td>$4.700<\/td>\n<\/tr>\n<tr>\n<td>Capsulas Caf\u00e9<\/td>\n<td>$5.500<\/td>\n<\/tr>\n<tr>\n<td>Coca Cola Zero<\/td>\n<td>$4.700<\/td>\n<\/tr>\n<tr>\n<td>Sprite<\/td>\n<td>$4.700<\/td>\n<\/tr>\n<tr>\n<td>Villavicencio sin gas<\/td>\n<td>$4.200<\/td>\n<\/tr>\n<tr>\n<td>Villavicencio con gas<\/td>\n<td>$4.200<\/td>\n<\/tr>\n<tr>\n<td>Rex 125grs<\/td>\n<td>$5.500<\/td>\n<\/tr>\n<tr>\n<td>Heineken<\/td>\n<td>$7.000<\/td>\n<\/tr>\n<tr>\n<td>Block<\/td>\n<td>$4.500<\/td>\n<\/tr>\n<tr>\n<td>Cubanitos<\/td>\n<td>$1.500<\/td>\n<\/tr>\n<tr>\n<td>Alfajores<\/td>\n<td>$3.500<\/td>\n<\/tr>\n<tr>\n<td>Sidra 1888 473ml<\/td>\n<td>$8.000<\/td>\n<\/tr>\n<tr>\n<td>Barra de Cereal \u00abMuecas\u00bb<\/td>\n<td>$5.000<\/td>\n<\/tr>\n<\/tbody>\n<\/table>\n<p><span data-sheets-root=\"1\">Todos los valores expresados son por unidad.<\/span><\/p>\n<p><span data-sheets-root=\"1\">En caso de que falte alg\u00fan producto del frigobar, por favor, comun\u00edquese con la recepci\u00f3n.<\/span><\/p>\n\n\t\t<\/div>\n\t<\/div>\n<\/div><\/div><\/div><\/div>\n<\/div>","protected":false},"excerpt":{"rendered":"Frigobar Coca Cola $4.700 Capsulas Caf\u00e9 $5.500 Coca Cola Zero $4.700 Sprite $4.700 Villavicencio sin gas $4.200 Villavicencio con gas","protected":false},"author":1,"featured_media":0,"parent":0,"menu_order":0,"comment_status":"closed","ping_status":"closed","template":"","meta":{"footnotes":""},"class_list":["post-16","page","type-page","status-publish","hentry"],"_links":{"self":[{"href":"https:\/\/www.puertonortehotel.com\/hospitality\/wp-json\/wp\/v2\/pages\/16","targetHints":{"allow":["GET"]}}],"collection":[{"href":"https:\/\/www.puertonortehotel.com\/hospitality\/wp-json\/wp\/v2\/pages"}],"about":[{"href":"https:\/\/www.puertonortehotel.com\/hospitality\/wp-json\/wp\/v2\/types\/page"}],"author":[{"embeddable":true,"href":"https:\/\/www.puertonortehotel.com\/hospitality\/wp-json\/wp\/v2\/users\/1"}],"replies":[{"embeddable":true,"href":"https:\/\/www.puertonortehotel.com\/hospitality\/wp-json\/wp\/v2\/comments?post=16"}],"version-history":[{"count":38,"href":"https:\/\/www.puertonortehotel.com\/hospitality\/wp-json\/wp\/v2\/pages\/16\/revisions"}],"predecessor-version":[{"id":671,"href":"https:\/\/www.puertonortehotel.com\/hospitality\/wp-json\/wp\/v2\/pages\/16\/revisions\/671"}],"wp:attachment":[{"href":"https:\/\/www.puertonortehotel.com\/hospitality\/wp-json\/wp\/v2\/media?parent=16"}],"curies":[{"name":"wp","href":"https:\/\/api.w.org\/{rel}","templated":true}]}}