{"id":20,"date":"2020-11-26T15:39:37","date_gmt":"2020-11-26T18:39:37","guid":{"rendered":"https:\/\/www.puertonortehotel.com\/hospitality\/?page_id=20"},"modified":"2026-04-02T01:11:39","modified_gmt":"2026-04-02T04:11:39","slug":"roomservice","status":"publish","type":"page","link":"https:\/\/www.puertonortehotel.com\/hospitality\/roomservice\/","title":{"rendered":"GASTRONOM\u00cdA"},"content":{"rendered":"<div class=\"wpb-content-wrapper\"><div class=\"vc_row wpb_row vc_row-fluid\"><div class=\"wpb_column vc_column_container vc_col-sm-12\"><div class=\"vc_column-inner\"><div class=\"wpb_wrapper\"><div class=\"vc_message_box vc_message_box-standard vc_message_box-rounded vc_color-info vc_do_message\" ><div class=\"vc_message_box-icon\"><i class=\"fa fa-solid fa-circle-info\"><\/i><\/div><p>Si desea almorzar o cenar, puede reservar ingresando al siguiente link <a href=\"https:\/\/linktr.ee\/moscadapnh\">https:\/\/linktr.ee\/moscadapnh<\/a><\/p>\n<\/div><\/div><\/div><\/div><\/div><div class=\"vc_row wpb_row vc_row-fluid\"><div class=\"wpb_column vc_column_container vc_col-sm-12\"><div class=\"vc_column-inner\"><div class=\"wpb_wrapper\">\t\t\n\t\t<div id=\"wd-664ceb85ab1e7\" class=\"title-wrapper  woodmart-title-color-primary woodmart-title-style-default woodmart-title-width-100 text-left woodmart-title-size-custom \">\n\t\t\t\t\t\t\n\t\t\t<div class=\"liner-continer\">\n\t\t\t\t<span class=\"left-line\"><\/span>\n\t\t\t\t<h2 class=\"woodmart-title-container title  woodmart-font-weight-\" >Conoc\u00e9 nuestras opciones de room service<\/h2>\t\t\t\t\t\t\t\t<span class=\"right-line\"><\/span>\n\t\t\t<\/div>\n\t\t\t\n\t\t\t\t\t\t\n\t\t\t\t\t<\/div>\n\t\t\n\t\t\n\t<div class=\"wpb_text_column wpb_content_element\" >\n\t\t<div class=\"wpb_wrapper\">\n\t\t\t<table dir=\"ltr\" border=\"1\" cellspacing=\"0\" cellpadding=\"0\" data-sheets-root=\"1\" data-sheets-baot=\"1\">\n<colgroup>\n<col width=\"659\" \/>\n<col width=\"100\" \/><\/colgroup>\n<tbody>\n<tr>\n<td>MERIENDAS (Desde las 16 a las 19:30)<\/td>\n<td><\/td>\n<\/tr>\n<tr>\n<td>Croque Monsieur<br \/>\n(Pan blanco, mostaza de Dijon, jam\u00f3n natural, queso, gratinado con bechamel y queso parmesano)<\/td>\n<td>$15,300<\/td>\n<\/tr>\n<tr>\n<td>Avocado Toast<br \/>\n(Pan de masa madre, palta, huevo revuelto, tomates confitados, chips de boniato y mix de semillas)<\/td>\n<td>$14,500<\/td>\n<\/tr>\n<tr>\n<td>Bagel de Salm\u00f3n<br \/>\n(Queso crema con alcaparras, rucula, palta, tomates confitados y cebolla morada)<\/td>\n<td>$22,900<\/td>\n<\/tr>\n<tr>\n<td>Bowl Moscada<br \/>\n(Yogurt natural,mix de semillas, granola casera y frutas de estaci\u00f3n)<\/td>\n<td>$16,300<\/td>\n<\/tr>\n<tr>\n<td>Tostado en Pan de Chipa<br \/>\n(Jamon natural, manteca y queso)<\/td>\n<td>$15,000<\/td>\n<\/tr>\n<tr>\n<td>Torta del D\u00eda<\/td>\n<td>$9,600<\/td>\n<\/tr>\n<tr>\n<td>Medialunas<br \/>\n(Dulces o saladas)<\/td>\n<td>$6,000<\/td>\n<\/tr>\n<tr>\n<td>Medialunas con Jam\u00f3n y Queso<\/td>\n<td>$9,600<\/td>\n<\/tr>\n<tr>\n<td>Tostadas<br \/>\n(Mermelada, Queso o Manteca)<\/td>\n<td>$6,000<\/td>\n<\/tr>\n<tr>\n<td>OPCIONES GLUTEN FREE<\/td>\n<td><\/td>\n<\/tr>\n<tr>\n<td>Tostadas<br \/>\n(Mermelada, Queso o Manteca)<\/td>\n<td>$6,000<\/td>\n<\/tr>\n<tr>\n<td>Medialunas<br \/>\n(Dulces o saladas)<\/td>\n<td>$6,000<\/td>\n<\/tr>\n<tr>\n<td>Pastafrola de Batata<\/td>\n<td>$9,600<\/td>\n<\/tr>\n<tr>\n<td>Pastafrola de Membrillo<\/td>\n<td>$9,600<\/td>\n<\/tr>\n<tr>\n<td>Brownie con Nueces Cuadrado<\/td>\n<td>$9,600<\/td>\n<\/tr>\n<tr>\n<td>Espumita de Lim\u00f3n<\/td>\n<td>$9,600<\/td>\n<\/tr>\n<tr>\n<td>Alfajor de Maicena<\/td>\n<td>$6,600<\/td>\n<\/tr>\n<tr>\n<td>Alfajor de Chocolate Blanco<\/td>\n<td>$6,600<\/td>\n<\/tr>\n<tr>\n<td>Alfajor de Chocolate Negro<\/td>\n<td>$6,600<\/td>\n<\/tr>\n<tr>\n<td>Tarta Tofi Negra<\/td>\n<td>$16,600<\/td>\n<\/tr>\n<tr>\n<td><\/td>\n<td><\/td>\n<\/tr>\n<tr>\n<td>*Consultar disponibilidad.<\/td>\n<td><\/td>\n<\/tr>\n<tr>\n<td>*Consultar por m\u00e1s opciones.<\/td>\n<td><\/td>\n<\/tr>\n<tr>\n<td>COMIDAS<\/td>\n<td><\/td>\n<\/tr>\n<tr>\n<td>Club Sandwich<br \/>\n(Pan de focaccia, jam\u00f3n crudo, queso tybo, r\u00facula y lactonesa)<\/td>\n<td>$ 21,000<\/td>\n<\/tr>\n<tr>\n<td>Hamburguesa con papas bast\u00f3n<br \/>\n(Pan, medallon de carne de 120gr., cheddar, panceta, pepinillo, barbacoa ahumada)<\/td>\n<td>$ 23,100<\/td>\n<\/tr>\n<tr>\n<td>Pizza Individual<\/td>\n<td>$ 14.000<\/td>\n<\/tr>\n<tr>\n<td>Ensalada C\u00e9sar<br \/>\n(Lechuga, pollo grillado, queso sardo, panceta, crutones, aderezo c\u00e9sar)<\/td>\n<td>$ 21.500<\/td>\n<\/tr>\n<tr>\n<td>Hamburguesa Veggie con Papas Bast\u00f3n<br \/>\n(Pan de papa, medallon de calabaza y lentejas, cheddar, pepinillos y barbacoa ahumada)<\/td>\n<td>$ 21,800<\/td>\n<\/tr>\n<tr>\n<td>&#8211; Opciones apto cel\u00edaco<\/td>\n<td><\/td>\n<\/tr>\n<tr>\n<td>Consultar opciones disponibles<\/td>\n<td>$ 24,500<\/td>\n<\/tr>\n<tr>\n<td>Opciones disponibles desde las 12:00 a 19:30 hs.<\/td>\n<td><\/td>\n<\/tr>\n<tr>\n<td>Pechuga de pollo grillada con vegetales Escalivados o ensalada (lechuga, r\u00facula, tomares cherrys, queso)<\/td>\n<td>$ 25,200<\/td>\n<\/tr>\n<tr>\n<td>Entrecot grillado con vegetales Escalivados o ensalada (lechuga, r\u00facula, tomates cherrys, queso)<\/td>\n<td>$30,700<\/td>\n<\/tr>\n<tr>\n<td>Opciones disponibles desde las 20:00 a 23:00 hs.<\/td>\n<td><\/td>\n<\/tr>\n<tr>\n<td>Papas Fritas Con Rub Trufado<br \/>\nEspecias, piment\u00f3n ahumado y aceite de trufa blanca.<\/td>\n<td>$ 9.200<\/td>\n<\/tr>\n<tr>\n<td>Malfatis<br \/>\nRellenos de hongos, crema trufada, gratinados con queso pecorino.<\/td>\n<td>$ 23.400<\/td>\n<\/tr>\n<tr>\n<td>Salm\u00f3n<br \/>\nRisotto de humita, ensalada fresca de cous cous.<\/td>\n<td>$ 46.600<\/td>\n<\/tr>\n<tr>\n<td>Mollejas<br \/>\nSobre galletas de quinoa y parmesano, laqueadas con gastric de frutos rojos y girgolas asadas.<\/td>\n<td>$ 26.400<\/td>\n<\/tr>\n<tr>\n<td>Burrata<br \/>\nR\u00facula, jam\u00f3n crudo, migas de queso feta, nueces caramelizadas, polvo de frambuesas y ma\u00edz tostado, cherrys confitados, higos con reducci\u00f3n de aceto bals\u00e1mico.<\/td>\n<td>$ 29.400<\/td>\n<\/tr>\n<tr>\n<td>Panzotti<br \/>\nRelleno de salm\u00f3n, salsa bisque con langostinos, alcaparrones y salteado de vegetales<\/td>\n<td>$ 32.000<\/td>\n<\/tr>\n<tr>\n<td>Ojo De Bife<br \/>\nAcompa\u00f1amiento:<br \/>\nCremoso de papas: pur\u00e9 aligot, con queso regianito y manteca<br \/>\nVegetales escalivados: vegetales asados conservados en aceite de oliva y arom\u00e1ticas.<\/td>\n<td>$ 46.400<\/td>\n<\/tr>\n<tr>\n<td>POSTRES<\/td>\n<td><\/td>\n<\/tr>\n<tr>\n<td>Flan de Dulce de Leche<br \/>\nCrema inglesa, confitura de naranjas y polvo de bananas.<\/td>\n<td>$14.900<\/td>\n<\/tr>\n<tr>\n<td>Eclaire<br \/>\nMousse chocolate blanco, n\u00facleo de frambuesa, sabl\u00e9e de algarroba, tuil y ganache de s\u00e9samo.<\/td>\n<td>$17.300<\/td>\n<\/tr>\n<tr>\n<td>Panna Cotta<br \/>\nDe naranja y yogurt griego, sopa fr\u00eda de pomelo y sriracha.<\/td>\n<td>$13.700<\/td>\n<\/tr>\n<tr>\n<td>BEBIDAS SIN ALCOHOL<\/td>\n<td><\/td>\n<\/tr>\n<tr>\n<td>Agua con y sin gas<\/td>\n<td>$ 3.900<\/td>\n<\/tr>\n<tr>\n<td>Aguas saborizadas<\/td>\n<td>$ 4.900<\/td>\n<\/tr>\n<tr>\n<td>Gaseosas<\/td>\n<td>$ 4.900<\/td>\n<\/tr>\n<tr>\n<td>Exprimido de Naranja<\/td>\n<td>$7,200<\/td>\n<\/tr>\n<tr>\n<td>Cafeter\u00eda<\/td>\n<td><\/td>\n<\/tr>\n<tr>\n<td>Caf\u00e9 chico<\/td>\n<td>$ 3.600<\/td>\n<\/tr>\n<tr>\n<td>Cf\u00e9 Jarrita<\/td>\n<td>$4.200<\/td>\n<\/tr>\n<tr>\n<td>Caf\u00e9 doble<\/td>\n<td>$ 4.800<\/td>\n<\/tr>\n<tr>\n<td>T\u00e9<\/td>\n<td>$4.200<\/td>\n<\/tr>\n<tr>\n<td><\/td>\n<td><\/td>\n<\/tr>\n<tr>\n<td>MOCKTAILS (De 16 a 19:30)<\/td>\n<td><\/td>\n<\/tr>\n<tr>\n<td>Hibiscus<br \/>\n(Hibiscus, Almibar de Frambuesas, Limon, Soda)<\/td>\n<td>$5,400<\/td>\n<\/tr>\n<tr>\n<td>Kiwi<br \/>\n(Kiwi, Lima, Manzana, Soda. )<\/td>\n<td>$5,400<\/td>\n<\/tr>\n<tr>\n<td>Honey<br \/>\n(Mango, Miel, Limon, Soda.)<\/td>\n<td>$5,400<\/td>\n<\/tr>\n<tr>\n<td>BEBIDAS CON ALCOHOL<\/td>\n<td><\/td>\n<\/tr>\n<tr>\n<td>Lata Stella Artois<\/td>\n<td>$ 5.800<\/td>\n<\/tr>\n<tr>\n<td>Cerveza Michelob Ultra Apta Cel\u00edaco<\/td>\n<td>$ 5.800<\/td>\n<\/tr>\n<tr>\n<td>&#8211; Tragos<\/td>\n<td><\/td>\n<\/tr>\n<tr>\n<td>Aperol Spiritz<\/td>\n<td>$ 8.000<\/td>\n<\/tr>\n<tr>\n<td>Cynar con Pomelo<\/td>\n<td>$ 9.500<\/td>\n<\/tr>\n<tr>\n<td>Fernet c\/coca<\/td>\n<td>$ 9.500<\/td>\n<\/tr>\n<tr>\n<td>Campari con naranja<\/td>\n<td>$ 8.100<\/td>\n<\/tr>\n<tr>\n<td>&#8211; Gin<\/td>\n<td><\/td>\n<\/tr>\n<tr>\n<td>Spirito Blu<\/td>\n<td>$ 7.900<\/td>\n<\/tr>\n<tr>\n<td>Beefeater<\/td>\n<td>$ 9.800<\/td>\n<\/tr>\n<tr>\n<td>Tanqueray<\/td>\n<td>$ 9.800<\/td>\n<\/tr>\n<tr>\n<td>Bulldog<\/td>\n<td>$ 14.100<\/td>\n<\/tr>\n<tr>\n<td>Bombay<\/td>\n<td>$ 14.100<\/td>\n<\/tr>\n<tr>\n<td>&#8211; Vinos<\/td>\n<td><\/td>\n<\/tr>\n<tr>\n<td>Terrazas de los Andes Grand Malbec<\/td>\n<td>$ 109.800<\/td>\n<\/tr>\n<tr>\n<td>Terrazas de los Andes Grand Chardonnay<\/td>\n<td>$ 109.800<\/td>\n<\/tr>\n<tr>\n<td>Terrazas de los Andes Origen \u2013 Los Chacayes \u2013 Malbec<\/td>\n<td>$ 41.400<\/td>\n<\/tr>\n<tr>\n<td>Terrazas de los Andes Reserva Malbec<\/td>\n<td>$ 32.400<\/td>\n<\/tr>\n<tr>\n<td>Terrazas de los Andes Reserva Chardonnay<\/td>\n<td>$ 31.200<\/td>\n<\/tr>\n<tr>\n<td>Terrazas de los Andes Malbec Ros\u00e9<\/td>\n<td>$ 32.000<\/td>\n<\/tr>\n<tr>\n<td>Salentein Reserva Chardonnay<\/td>\n<td>$ 28.000<\/td>\n<\/tr>\n<tr>\n<td>Salentein Reserva Pinot Noir<\/td>\n<td>$ 28.000<\/td>\n<\/tr>\n<tr>\n<td>Salentein Numina Malbec<\/td>\n<td>$ 33.600<\/td>\n<\/tr>\n<tr>\n<td>Rutini Sauvignon Blanc<\/td>\n<td>$38.100<\/td>\n<\/tr>\n<tr>\n<td>Rutini Cab &#8211; Malbec<\/td>\n<td>$ 38.100<\/td>\n<\/tr>\n<tr>\n<td>Animal Blend<\/td>\n<td>$ 39.800<\/td>\n<\/tr>\n<tr>\n<td>Baron B Brut Nature Cuv\u00e9e Mill\u00e9sim\u00e9e<\/td>\n<td>$ 84.600<\/td>\n<\/tr>\n<tr>\n<td>Chandon Cuv\u00e9e R\u00e9serve Blanc de Noirs<\/td>\n<td>$ 52.000<\/td>\n<\/tr>\n<tr>\n<td>Chandon Extra Brut<\/td>\n<td>$ 34.300<\/td>\n<\/tr>\n<tr>\n<td>Chandon Ros\u00e9<\/td>\n<td>$ 34.300<\/td>\n<\/tr>\n<tr>\n<td>Salentein Brut Nature<\/td>\n<td>$ 24.000<\/td>\n<\/tr>\n<tr>\n<td>Las Perdices Ala Colorada C. Franc<\/td>\n<td>$31.000<\/td>\n<\/tr>\n<tr>\n<td><\/td>\n<td><\/td>\n<\/tr>\n<tr>\n<td>Todos los precios incluyen IVA<\/td>\n<td><\/td>\n<\/tr>\n<\/tbody>\n<\/table>\n\n\t\t<\/div>\n\t<\/div>\n<\/div><\/div><\/div><\/div>\n<\/div>","protected":false},"excerpt":{"rendered":"Si desea almorzar o cenar, puede reservar ingresando al siguiente link https:\/\/linktr.ee\/moscadapnh Conoc\u00e9 nuestras opciones de room service MERIENDAS (Desde","protected":false},"author":1,"featured_media":406,"parent":0,"menu_order":0,"comment_status":"closed","ping_status":"closed","template":"","meta":{"footnotes":""},"class_list":["post-20","page","type-page","status-publish","has-post-thumbnail","hentry"],"_links":{"self":[{"href":"https:\/\/www.puertonortehotel.com\/hospitality\/wp-json\/wp\/v2\/pages\/20","targetHints":{"allow":["GET"]}}],"collection":[{"href":"https:\/\/www.puertonortehotel.com\/hospitality\/wp-json\/wp\/v2\/pages"}],"about":[{"href":"https:\/\/www.puertonortehotel.com\/hospitality\/wp-json\/wp\/v2\/types\/page"}],"author":[{"embeddable":true,"href":"https:\/\/www.puertonortehotel.com\/hospitality\/wp-json\/wp\/v2\/users\/1"}],"replies":[{"embeddable":true,"href":"https:\/\/www.puertonortehotel.com\/hospitality\/wp-json\/wp\/v2\/comments?post=20"}],"version-history":[{"count":125,"href":"https:\/\/www.puertonortehotel.com\/hospitality\/wp-json\/wp\/v2\/pages\/20\/revisions"}],"predecessor-version":[{"id":670,"href":"https:\/\/www.puertonortehotel.com\/hospitality\/wp-json\/wp\/v2\/pages\/20\/revisions\/670"}],"wp:featuredmedia":[{"embeddable":true,"href":"https:\/\/www.puertonortehotel.com\/hospitality\/wp-json\/wp\/v2\/media\/406"}],"wp:attachment":[{"href":"https:\/\/www.puertonortehotel.com\/hospitality\/wp-json\/wp\/v2\/media?parent=20"}],"curies":[{"name":"wp","href":"https:\/\/api.w.org\/{rel}","templated":true}]}}