{"id":212,"date":"2022-03-22T13:47:51","date_gmt":"2022-03-22T16:47:51","guid":{"rendered":"https:\/\/www.puertonortehotel.com\/hospitality\/?page_id=212"},"modified":"2025-05-14T14:51:45","modified_gmt":"2025-05-14T17:51:45","slug":"planes-en-rosario","status":"publish","type":"page","link":"https:\/\/www.puertonortehotel.com\/hospitality\/planes-en-rosario\/","title":{"rendered":"LIVE LIKE A LOCAL"},"content":{"rendered":"<div class=\"wpb-content-wrapper\"><div data-vc-full-width=\"true\" data-vc-full-width-temp=\"true\" data-vc-full-width-init=\"false\" class=\"vc_row wpb_row vc_row-fluid titulo-seccion vc_custom_1648501312490 vc_row-has-fill\"><div class=\"wpb_column vc_column_container vc_col-sm-12\"><div class=\"vc_column-inner\"><div class=\"wpb_wrapper\">\t\t\n\t\t<div id=\"wd-6824d8035ae5f\" class=\"title-wrapper  woodmart-title-color-white woodmart-title-style-default woodmart-title-width-100 text-left woodmart-title-size-custom \">\n\t\t\t\t\t\t\n\t\t\t<div class=\"liner-continer\">\n\t\t\t\t<span class=\"left-line\"><\/span>\n\t\t\t\t<h2 class=\"woodmart-title-container title  woodmart-font-weight-\" >Live Like a Local<\/h2>\t\t\t\t\t\t\t\t<span class=\"right-line\"><\/span>\n\t\t\t<\/div>\n\t\t\t\n\t\t\t\t\t\t\n\t\t\t\t\t<\/div>\n\t\t\n\t\t<\/div><\/div><\/div><\/div><div class=\"vc_row-full-width vc_clearfix\"><\/div><div class=\"vc_row wpb_row vc_row-fluid\"><div class=\"wpb_column vc_column_container vc_col-sm-12\"><div class=\"vc_column-inner\"><div class=\"wpb_wrapper\">\t\t\n\t\t<div id=\"wd-62421cba0605d\" class=\"title-wrapper  woodmart-title-color-primary woodmart-title-style-default woodmart-title-width-100 text-left woodmart-title-size-custom \">\n\t\t\t\t\t\t\n\t\t\t<div class=\"liner-continer\">\n\t\t\t\t<span class=\"left-line\"><\/span>\n\t\t\t\t<h2 class=\"woodmart-title-container title  woodmart-font-weight-\" >\u00bfQu\u00e9 hacer en Rosario?<\/h2>\t\t\t\t\t\t\t\t<span class=\"right-line\"><\/span>\n\t\t\t<\/div>\n\t\t\t\n\t\t\t\t\t\t\n\t\t\t\t\t<\/div>\n\t\t\n\t\t\n\t<div class=\"wpb_text_column wpb_content_element\" >\n\t\t<div class=\"wpb_wrapper\">\n\t\t\t<article class=\"text-token-text-primary w-full\" dir=\"auto\" data-testid=\"conversation-turn-4\" data-scroll-anchor=\"true\">\n<div class=\"text-base my-auto mx-auto py-5 &#091;--thread-content-margin:--spacing(4)&#093; @&#091;37rem&#093;:&#091;--thread-content-margin:--spacing(6)&#093; @&#091;70rem&#093;:&#091;--thread-content-margin:--spacing(12)&#093; px-(--thread-content-margin)\">\n<div class=\"&#091;--thread-content-max-width:32rem&#093; @&#091;34rem&#093;:&#091;--thread-content-max-width:40rem&#093; @&#091;64rem&#093;:&#091;--thread-content-max-width:48rem&#093; mx-auto flex max-w-(--thread-content-max-width) flex-1 text-base gap-4 md:gap-5 lg:gap-6 group\/turn-messages focus-visible:outline-hidden\" tabindex=\"-1\">\n<div class=\"group\/conversation-turn relative flex w-full min-w-0 flex-col agent-turn\">\n<div class=\"relative flex-col gap-1 md:gap-3\">\n<div class=\"flex max-w-full flex-col grow\">\n<div class=\"min-h-8 text-message relative flex w-full flex-col items-end gap-2 text-start break-words whitespace-normal &#091;.text-message+&amp;&#093;:mt-5\" dir=\"auto\" data-message-author-role=\"assistant\" data-message-id=\"2f81661a-df5a-412e-b0b0-365c924ba8d5\" data-message-model-slug=\"gpt-4o-mini\">\n<div class=\"flex w-full flex-col gap-1 empty:hidden first:pt-&#091;3px&#093;\">\n<div class=\"markdown prose dark:prose-invert w-full break-words light\">\n<p class=\"\" data-start=\"0\" data-end=\"94\"><strong data-start=\"0\" data-end=\"94\" data-is-last-node=\"\" data-is-only-node=\"\">Descubre Rosario: Un Destino Tur\u00edstico Inolvidable Promovido por el Ente Tur\u00edstico Local<\/strong><\/p>\n<\/div>\n<\/div>\n<\/div>\n<\/div>\n<div class=\"flex justify-start\">\n<div class=\"touch:-me-2 touch:-ms-3.5 -ms-2.5 -me-1 flex items-center p-1 select-none -mt-1 duration-&#091;1.5s&#093; focus-within:transition-none hover:transition-none pointer-events-none &#091;mask-image:linear-gradient(to_right,black_33%,transparent_66%)&#093; &#091;mask-position:100%_0%&#093; &#091;mask-size:300%_100%&#093; motion-safe:transition-&#091;mask-position&#093; group-hover\/turn-messages:pointer-events-auto group-hover\/turn-messages:&#091;mask-position:0_0&#093; group-focus-within\/turn-messages:pointer-events-auto group-focus-within\/turn-messages:&#091;mask-position:0_0&#093; has-data-&#091;state=open&#093;:pointer-events-auto has-data-&#091;state=open&#093;:&#091;mask-position:0_0&#093;\"><\/div>\n<\/div>\n<\/div>\n<div class=\"absolute\">\n<div class=\"flex items-center justify-center\"><\/div>\n<\/div>\n<\/div>\n<\/div>\n<\/div>\n<\/article>\n<div class=\"pointer-events-none h-px w-px\" aria-hidden=\"true\" data-edge=\"true\"><\/div>\n\n\t\t<\/div>\n\t<\/div>\n\n\t<div class=\"wpb_text_column wpb_content_element\" >\n\t\t<div class=\"wpb_wrapper\">\n\t\t\t<p class=\"\" data-start=\"0\" data-end=\"348\"><strong data-start=\"0\" data-end=\"42\">Bienvenidos a nuestro Hotel en Rosario<\/strong><br data-start=\"42\" data-end=\"45\" \/>Te invitamos a descubrir la magia de Rosario, una ciudad vibrante llena de historia, cultura y una impresionante oferta tur\u00edstica. Trabajamos para brindarte una experiencia \u00fanica, donde cada rinc\u00f3n de la ciudad tiene algo especial que ofrecerte.<\/p>\n<p class=\"\" data-start=\"350\" data-end=\"639\">Rosario es el destino ideal para quienes buscan disfrutar de su arquitectura moderna, su gastronom\u00eda de primer nivel, y actividades para todos los gustos. Ya sea que prefieras un paseo por el r\u00edo Paran\u00e1, recorrer sus museos o disfrutar de eventos internacionales, Rosario tiene algo para todos.<\/p>\n<p class=\"\" data-start=\"641\" data-end=\"985\"><strong data-start=\"641\" data-end=\"667\">\u00bfQu\u00e9 hacer en Rosario?<\/strong><\/p>\n<p class=\"\" data-start=\"641\" data-end=\"985\"><strong>TOUR MESSI<\/strong><\/p>\n<p data-start=\"641\" data-end=\"985\">Messi es parte de Rosario y Rosario es parte de Messi. Descubre la ciudad que lo vio crecer y recorre los lugares claves de su historia como un rosarino m\u00e1s. Reserve su lugar haciendo <a href=\"https:\/\/api.whatsapp.com\/send?phone=543415035995\">CLICK AQU\u00cd<\/a><\/p>\n<p data-start=\"641\" data-end=\"985\">Recorrido por su casa natal, el potrero del barrio, club Grandoli (junto al Director del club, amigo personal de Messi) y el Museo del Deporte.<\/p>\n<div>.Salidas Diarias, 10:00 hs o 15:30 hs<\/div>\n<div>.Pick Up Hotel<\/div>\n<div>.Reserva Museo del Deporte. (Sujeto a d\u00edas y horarios de atenci\u00f3n, Mi\u00e9rcoles a Domingos)<\/div>\n<div>.Duraci\u00f3n 3 horas.<\/div>\n<div><i>.Valor por persona\u00a0 &#8211;\u00a0 U$S 52 &#8211; <\/i>M\u00ednimo 2 pasajeros<\/div>\n<div><span style=\"color: #ffffff;\">A<\/span><\/div>\n<div><span style=\"color: #ffffff;\">A<\/span><\/div>\n<p data-start=\"641\" data-end=\"985\"><strong>TOUR DI MAR\u00cdA <\/strong><\/p>\n<p data-start=\"641\" data-end=\"985\">Ir a la cancha no es solo ver un partido, es ser parte de una fiesta. Vive la emoci\u00f3n como un \u00abcanalla\u00bb y siente el f\u00fatbol en su m\u00e1xima expresi\u00f3n. Reserve su lugar haciendo <a href=\"https:\/\/api.whatsapp.com\/send?phone=543415035995\">CLICK AQU\u00cd<\/a><\/p>\n<div>Recorrido por la vida de Di Maria, se recorre la cancha de Central (ingresando al estadio) y la ciudad deportiva de Gro. Baigorria.<\/div>\n<div>\n<div>\n<p><b><i><u>Experiencia partido de Central<\/u><\/i>:<\/b> incluye entradas al partido en sector Palco con consumici\u00f3n (gaseosa y pizza o sandwich) acompa\u00f1ados en todo momento de gu\u00eda (Experiencia v\u00e1lida para los d\u00edas que juegue Central de local y una vez que se publiquen las fechas del nuevo torneo)<\/p>\n<\/div>\n<div><span style=\"color: #ffffff;\">aa<\/span><\/div>\n<\/div>\n<div>.Salidas Lunes a S\u00e1bados<\/div>\n<div>.Horario: 10 hs o 15 hs<\/div>\n<div>.Pick Up Hotel<\/div>\n<div>.Duraci\u00f3n 3 horas 30 minutos<\/div>\n<div><i>.Valor por persona\u00a0 &#8211;\u00a0 \u00a0U$S 60\u00a0 &#8211; <\/i>M\u00ednimo 2 pasajeros<\/div>\n<div><span style=\"color: #ffffff;\">A<\/span><\/div>\n<div><span style=\"color: #ffffff;\">A<\/span><\/div>\n<p data-start=\"641\" data-end=\"985\"><strong>CITY TOUR<\/strong><\/p>\n<p data-start=\"641\" data-end=\"985\">Descubre Rosario, explorando sus calles, sus plazas y sus rincones en un city tour \u00fanico. Conozca la historia que solo los rosarinos conocen. Reserve su lugar haciendo <a href=\"https:\/\/api.whatsapp.com\/send?phone=543415035995\">CLICK AQU\u00cd<\/a><\/p>\n<div>Monumento Nacional a la Bandera \u2013 Costanera Central \u2013 Estadio Rosario Central (sin ingresos) \u2013 Balnearios \u2013 Puente \u2013 Parque Independencia \u2013 Boulevard Oro\u00f1o.<\/div>\n<div><span style=\"color: #ffffff;\">aa<\/span><\/div>\n<div>.Salidas Diarias<\/div>\n<div>.Horarios 10:00 hs o 15:00 hs<\/div>\n<div>.Pick Up Hoteles.<\/div>\n<div>.Duraci\u00f3n 3 horas.<\/div>\n<div><i>.Valor por persona\u00a0 \u00a0&#8211;\u00a0 U$S 46 <\/i>M\u00ednimo 2 pasajeros<\/div>\n<div><span style=\"color: #ffffff;\">A<\/span><\/div>\n<div><span style=\"color: #ffffff;\">A<\/span><\/div>\n<p data-start=\"641\" data-end=\"985\"><strong>TOUR ARQUITECTURA<\/strong><\/p>\n<p data-start=\"641\" data-end=\"985\">Recorre Rosario desde sus cimientos, explorando una ciudad donde la arquitectura habla. De fachadas centenarias a obras contempor\u00e1neas, este tour te invita a mirar hacia arriba, a descubrir detalles, estilos y secretos que hacen \u00fanica a esta ciudad. Reserve su lugar haciendo <a href=\"https:\/\/api.whatsapp.com\/send?phone=543415035995\">CLICK AQU\u00cd<\/a><\/p>\n<div>\u00a0Recorrido a pie desde Paseo del Siglo hasta Plaza 25 de Mayo, donde se apreciar\u00e1n distintos tipos de edificios emblem\u00e1ticos que reflejan los diferentes estilos arquitect\u00f3nicos de construcci\u00f3n.<\/div>\n<div><span style=\"color: #ffffff;\">aaa<\/span><\/div>\n<div>.Salidas Diarias<\/div>\n<div>.Horarios 10:00 hs o 15:00 hs<\/div>\n<div>.Pick Up Hoteles.<\/div>\n<div>.Duraci\u00f3n 3 horas.<\/div>\n<div><i>.Valor por persona\u00a0 \u00a0&#8211;\u00a0 U$S 52 <\/i>M\u00ednimo 2 pasajeros<\/div>\n\n\t\t<\/div>\n\t<\/div>\n<\/div><\/div><\/div><\/div><div class=\"vc_row wpb_row vc_row-fluid\"><div class=\"wpb_column vc_column_container vc_col-sm-12\"><div class=\"vc_column-inner\"><div class=\"wpb_wrapper\"><\/div><\/div><\/div><\/div>\n<\/div>","protected":false},"excerpt":{"rendered":"Live Like a Local \u00bfQu\u00e9 hacer en Rosario? Descubre Rosario: Un Destino Tur\u00edstico Inolvidable Promovido por el Ente Tur\u00edstico Local","protected":false},"author":2,"featured_media":0,"parent":0,"menu_order":0,"comment_status":"closed","ping_status":"closed","template":"","meta":{"footnotes":""},"class_list":["post-212","page","type-page","status-publish","hentry"],"_links":{"self":[{"href":"https:\/\/www.puertonortehotel.com\/hospitality\/wp-json\/wp\/v2\/pages\/212","targetHints":{"allow":["GET"]}}],"collection":[{"href":"https:\/\/www.puertonortehotel.com\/hospitality\/wp-json\/wp\/v2\/pages"}],"about":[{"href":"https:\/\/www.puertonortehotel.com\/hospitality\/wp-json\/wp\/v2\/types\/page"}],"author":[{"embeddable":true,"href":"https:\/\/www.puertonortehotel.com\/hospitality\/wp-json\/wp\/v2\/users\/2"}],"replies":[{"embeddable":true,"href":"https:\/\/www.puertonortehotel.com\/hospitality\/wp-json\/wp\/v2\/comments?post=212"}],"version-history":[{"count":26,"href":"https:\/\/www.puertonortehotel.com\/hospitality\/wp-json\/wp\/v2\/pages\/212\/revisions"}],"predecessor-version":[{"id":631,"href":"https:\/\/www.puertonortehotel.com\/hospitality\/wp-json\/wp\/v2\/pages\/212\/revisions\/631"}],"wp:attachment":[{"href":"https:\/\/www.puertonortehotel.com\/hospitality\/wp-json\/wp\/v2\/media?parent=212"}],"curies":[{"name":"wp","href":"https:\/\/api.w.org\/{rel}","templated":true}]}}