{"id":519,"date":"2024-06-25T10:02:22","date_gmt":"2024-06-25T13:02:22","guid":{"rendered":"https:\/\/www.puertonortehotel.com\/hospitality\/?page_id=519"},"modified":"2024-07-17T13:20:42","modified_gmt":"2024-07-17T16:20:42","slug":"beneficios-huespedes","status":"publish","type":"page","link":"https:\/\/www.puertonortehotel.com\/hospitality\/beneficios-huespedes\/","title":{"rendered":"BENEFICIOS HU\u00c9SPEDES"},"content":{"rendered":"<div class=\"wpb-content-wrapper\"><div data-vc-full-width=\"true\" data-vc-full-width-temp=\"true\" data-vc-full-width-init=\"false\" class=\"vc_row wpb_row vc_row-fluid titulo-seccion vc_custom_1719320285177 vc_row-has-fill\"><div class=\"wpb_column vc_column_container vc_col-sm-12\"><div class=\"vc_column-inner\"><div class=\"wpb_wrapper\">\t\t\n\t\t<div id=\"wd-667c305c92350\" class=\"title-wrapper  woodmart-title-color-white woodmart-title-style-default woodmart-title-width-100 text-left woodmart-title-size-custom \">\n\t\t\t\t\t\t\n\t\t\t<div class=\"liner-continer\">\n\t\t\t\t<span class=\"left-line\"><\/span>\n\t\t\t\t<h2 class=\"woodmart-title-container title  woodmart-font-weight-\" >Beneficios para nuestros hu\u00e9spedes<\/h2>\t\t\t\t\t\t\t\t<span class=\"right-line\"><\/span>\n\t\t\t<\/div>\n\t\t\t\n\t\t\t\t\t\t\n\t\t\t\t\t<\/div>\n\t\t\n\t\t<\/div><\/div><\/div><\/div><div class=\"vc_row-full-width vc_clearfix\"><\/div><div class=\"vc_row wpb_row vc_row-fluid\"><\/div><div class=\"wpb_column vc_column_container vc_col-sm-12\"><div class=\"vc_column-inner\"><div class=\"wpb_wrapper\"><\/div><\/div><\/div>\n\t<div class=\"wpb_text_column wpb_content_element\" >\n\t\t<div class=\"wpb_wrapper\">\n\t\t\t\n\t\t<\/div>\n\t<\/div>\n<div class=\"vc_row wpb_row vc_row-fluid\"><\/div><div class=\"wpb_column vc_column_container vc_col-sm-12\"><div class=\"vc_column-inner\"><div class=\"wpb_wrapper\"><\/div><\/div><\/div>\n\t<div class=\"wpb_text_column wpb_content_element\" >\n\t\t<div class=\"wpb_wrapper\">\n\t\t\t\n\t\t<\/div>\n\t<\/div>\n<h3 style=\"font-weight: 400;\"><strong>Europtica Puerto Norte<\/strong><\/h3>\n<p style=\"text-align: left;\">A proximidades de nuestras instalaciones te encontrar\u00e1s con Europtica (Av. C\u00e1ndido Carballo 114, local 00 09) donde contar\u00e1s con un beneficio de ARS 10.000 para ser utilizado en lentes de sol o de lectura. Por cualquier duda, pod\u00e9s contactarte al whatsapp <a href=\"https:\/\/wa.me\/5493416229421\" data-saferedirecturl=\"https:\/\/www.google.com\/url?q=https:\/\/wa.me\/5493416229421&amp;source=gmail&amp;ust=1719324480170000&amp;usg=AOvVaw2x7YWuGUqKXgPj2v9LMboW\">+54 9 3416229421.<\/a><\/p>\n<p><img loading=\"lazy\" decoding=\"async\" class=\" wp-image-559 aligncenter\" src=\"https:\/\/www.puertonortehotel.com\/hospitality\/wp-content\/uploads\/2024\/06\/1-Logos-Europtica-1_page-0001-2-300x91.png\" alt=\"\" width=\"185\" height=\"56\" srcset=\"https:\/\/www.puertonortehotel.com\/hospitality\/wp-content\/uploads\/2024\/06\/1-Logos-Europtica-1_page-0001-2-300x91.png 300w, https:\/\/www.puertonortehotel.com\/hospitality\/wp-content\/uploads\/2024\/06\/1-Logos-Europtica-1_page-0001-2-1024x312.png 1024w, https:\/\/www.puertonortehotel.com\/hospitality\/wp-content\/uploads\/2024\/06\/1-Logos-Europtica-1_page-0001-2-768x234.png 768w, https:\/\/www.puertonortehotel.com\/hospitality\/wp-content\/uploads\/2024\/06\/1-Logos-Europtica-1_page-0001-2-1536x468.png 1536w, https:\/\/www.puertonortehotel.com\/hospitality\/wp-content\/uploads\/2024\/06\/1-Logos-Europtica-1_page-0001-2-2048x624.png 2048w, https:\/\/www.puertonortehotel.com\/hospitality\/wp-content\/uploads\/2024\/06\/1-Logos-Europtica-1_page-0001-2-18x5.png 18w\" sizes=\"auto, (max-width: 185px) 100vw, 185px\" \/><\/p>\n<p>&nbsp;<\/p>\n<h3 style=\"font-weight: 400;\"><strong>Chocolater\u00eda Cauca<\/strong><\/h3>\n<p>En el centro de nuestra ciudad (Tucuman 1258) contamos con la tienda de chocolates elegida por el hotel para deleitarlos en el servicio de Turn Down. Todos nuestros hu\u00e9spedes cuentan con un 15% de descuento en todos sus productos.<\/p>\n<p>Ademas les brindar\u00e1n como bienvenida un taz\u00f3n de chocolate por hu\u00e9sped que se encuentre alojado, para que puedan ir a degustar sus exquisitos productos.<\/p>\n<\/div>","protected":false},"excerpt":{"rendered":"<p>Europtica Puerto Norte A proximidades de nuestras instalaciones te encontrar\u00e1s con Europtica (Av. C\u00e1ndido Carballo 114, local 00 09) donde<\/p>\n","protected":false},"author":2,"featured_media":0,"parent":0,"menu_order":0,"comment_status":"closed","ping_status":"closed","template":"","meta":{"footnotes":""},"class_list":["post-519","page","type-page","status-publish","hentry"],"_links":{"self":[{"href":"https:\/\/www.puertonortehotel.com\/hospitality\/wp-json\/wp\/v2\/pages\/519","targetHints":{"allow":["GET"]}}],"collection":[{"href":"https:\/\/www.puertonortehotel.com\/hospitality\/wp-json\/wp\/v2\/pages"}],"about":[{"href":"https:\/\/www.puertonortehotel.com\/hospitality\/wp-json\/wp\/v2\/types\/page"}],"author":[{"embeddable":true,"href":"https:\/\/www.puertonortehotel.com\/hospitality\/wp-json\/wp\/v2\/users\/2"}],"replies":[{"embeddable":true,"href":"https:\/\/www.puertonortehotel.com\/hospitality\/wp-json\/wp\/v2\/comments?post=519"}],"version-history":[{"count":25,"href":"https:\/\/www.puertonortehotel.com\/hospitality\/wp-json\/wp\/v2\/pages\/519\/revisions"}],"predecessor-version":[{"id":587,"href":"https:\/\/www.puertonortehotel.com\/hospitality\/wp-json\/wp\/v2\/pages\/519\/revisions\/587"}],"wp:attachment":[{"href":"https:\/\/www.puertonortehotel.com\/hospitality\/wp-json\/wp\/v2\/media?parent=519"}],"curies":[{"name":"wp","href":"https:\/\/api.w.org\/{rel}","templated":true}]}}